{"id":7693,"date":"2021-05-18T14:36:57","date_gmt":"2021-05-18T14:36:57","guid":{"rendered":"https:\/\/galeriemade.com\/?page_id=7693"},"modified":"2026-04-13T14:22:04","modified_gmt":"2026-04-13T14:22:04","slug":"virtual-exhibition","status":"publish","type":"page","link":"https:\/\/galeriemade.com\/en\/virtual-exhibition\/","title":{"rendered":"VIRTUAL EXHIBITIONS"},"content":{"rendered":"\n<h1 class=\"wp-block-heading has-text-align-center\"><a href=\"https:\/\/galeriemade.com\/melita-le-refuge-anne-immele\/\"><mark style=\"background-color:rgba(0, 0, 0, 0)\" class=\"has-inline-color has-blue-metal-color\"><\/mark><mark style=\"background-color:rgba(0, 0, 0, 0)\" class=\"has-inline-color has-blue-metal-color\"><\/mark><\/a><a href=\"https:\/\/galeriemade.com\/nos-vies-sauvages\/\"><mark style=\"background-color:rgba(0, 0, 0, 0)\" class=\"has-inline-color has-blue-metal-color\">\u2023 Nos Vies Sauvages &#8211; Ayline Olukman &#8211; 12.03.2026 &#8211; 30.04.2026 \u2023 <\/mark><\/a><\/h1>\n\n\n\n<div style=\"height:20px\" aria-hidden=\"true\" class=\"wp-block-spacer\"><\/div>\n\n\n\n<h1 class=\"wp-block-heading has-text-align-center\"><a href=\"https:\/\/galeriemade.com\/melita-le-refuge-anne-immele\/\"><mark style=\"background-color:rgba(0, 0, 0, 0)\" class=\"has-inline-color has-blue-metal-color\"><\/mark><mark style=\"background-color:rgba(0, 0, 0, 0)\" class=\"has-inline-color has-blue-metal-color\"><\/mark><\/a><a href=\"https:\/\/galeriemade.com\/11874-2\/\"><mark style=\"background-color:rgba(0, 0, 0, 0)\" class=\"has-inline-color has-blue-metal-color\">\u2023 INCASABLE &#8211; Lia Rochas-P\u00e1ris &#8211; 31.01.2026 &#8211; 07.03.2026 \u2023 <\/mark><\/a><\/h1>\n\n\n\n<div style=\"height:20px\" aria-hidden=\"true\" class=\"wp-block-spacer\"><\/div>\n\n\n\n<p class=\"has-text-align-center\"><a href=\"https:\/\/galeriemade.com\/11787-2\/\"><mark style=\"background-color:rgba(0, 0, 0, 0)\" class=\"has-inline-color has-blue-metal-color\">\u2023 NATURE &#8211; Alexandre Silberman &#8211; 06.11.2025 &#8211; 20.12.2025 \u2023 <\/mark><\/a><\/p>\n\n\n\n<div style=\"height:20px\" aria-hidden=\"true\" class=\"wp-block-spacer\"><\/div>\n\n\n\n<h1 class=\"wp-block-heading has-text-align-center\"><a href=\"https:\/\/galeriemade.com\/terra-incognita\/\"><mark style=\"background-color:rgba(0, 0, 0, 0)\" class=\"has-inline-color has-blue-metal-color\">\u2023 Terra Incognita &#8211; Antinomia &#8211; 02.10.2025 &#8211; 25.10.2025\u2023 <\/mark><\/a><\/h1>\n\n\n\n<div style=\"height:20px\" aria-hidden=\"true\" class=\"wp-block-spacer\"><\/div>\n\n\n\n<h1 class=\"wp-block-heading has-text-align-center\"><a href=\"https:\/\/galeriemade.com\/en\/trust-me\/\"><mark style=\"background-color:rgba(0, 0, 0, 0)\" class=\"has-inline-color has-blue-metal-color\">\u2023 TRUST ME &#8211; Nyo Jinyong Lian &#8211; 11.09.2025 &#8211; 26.09.2025\u2023 <\/mark><\/a><\/h1>\n\n\n\n<div style=\"height:20px\" aria-hidden=\"true\" class=\"wp-block-spacer\"><\/div>\n\n\n\n<h1 class=\"wp-block-heading has-text-align-center\"><a href=\"https:\/\/galeriemade.com\/ai-no-corrida\/\"><mark style=\"background-color:rgba(0, 0, 0, 0)\" class=\"has-inline-color has-blue-metal-color\"><\/mark><\/a><a href=\"https:\/\/galeriemade.com\/melita-le-refuge-anne-immele\/\"><mark style=\"background-color:rgba(0, 0, 0, 0)\" class=\"has-inline-color has-blue-metal-color\">\u2023 Melita, refuge &#8211; Anne Immel\u00e9 &#8211; 11.04.2025 &#8211; 13.06.2025<\/mark><\/a><\/h1>\n\n\n\n<div style=\"height:20px\" aria-hidden=\"true\" class=\"wp-block-spacer\"><\/div>\n\n\n\n<h1 class=\"wp-block-heading has-text-align-center\"><a href=\"https:\/\/galeriemade.com\/ai-no-corrida\/\"><mark style=\"background-color:rgba(0, 0, 0, 0)\" class=\"has-inline-color has-blue-metal-color\"><\/mark><\/a><a href=\"https:\/\/galeriemade.com\/meanwhile-after-daido\/\"><strong><mark style=\"background-color:rgba(0, 0, 0, 0)\" class=\"has-inline-color has-blue-metal-color\">\u2023 Meanwhile after Daido &#8211; Isabelle Bonjean &#8211; 06.03.2025 &#8211; 04.04.2025<\/mark><\/strong><\/a><\/h1>\n\n\n\n<div style=\"height:20px\" aria-hidden=\"true\" class=\"wp-block-spacer\"><\/div>\n\n\n\n<h1 class=\"wp-block-heading has-text-align-center\"><mark style=\"background-color:rgba(0, 0, 0, 0)\" class=\"has-inline-color has-blue-metal-color\">      <\/mark><a href=\"https:\/\/galeriemade.com\/ai-no-corrida\/\"><mark style=\"background-color:rgba(0, 0, 0, 0)\" class=\"has-inline-color has-blue-metal-color\">\u2023 AI NO CORRIDA &#8211; Camille Vivier &#8211; ParisPhoto 2024 <\/mark><\/a><\/h1>\n\n\n\n<div style=\"height:20px\" aria-hidden=\"true\" class=\"wp-block-spacer\"><\/div>\n\n\n\n<h1 class=\"wp-block-heading has-text-align-center\"><a href=\"https:\/\/galeriemade.com\/ashes-of-the-arabians-pearl\/\"><mark style=\"background-color:rgba(0, 0, 0, 0)\" class=\"has-inline-color has-blue-metal-color\">\u2023 ASHES OF THE ARABIAN\u2019S PEARL  &#8211; Valentin Valette &#8211; 11.09.2024 &#8211; 1.10.2024 <\/mark><\/a><\/h1>\n\n\n\n<div style=\"height:20px\" aria-hidden=\"true\" class=\"wp-block-spacer\"><\/div>\n\n\n\n<h1 class=\"wp-block-heading has-text-align-center\"><a href=\"https:\/\/galeriemade.com\/nord-ouest-ouest-nord-ouest\/\"><mark style=\"background-color:rgba(0, 0, 0, 0)\" class=\"has-inline-color has-blue-metal-color\">\u2023 NORD-OUEST OUEST-NORD-OUEST &#8211; Pascal Amoyel &#8211; 16.05.2024 &#8211; 14.06.2024 <\/mark><\/a><\/h1>\n\n\n\n<div style=\"height:20px\" aria-hidden=\"true\" class=\"wp-block-spacer\"><\/div>\n\n\n\n<p class=\"has-text-align-center\"><a href=\"https:\/\/galeriemade.com\/exposition-virtuelle-adeline-care-marseille-tempete\/\" data-type=\"link\" data-id=\"https:\/\/galeriemade.com\/10729-2\/\"><mark style=\"background-color:rgba(0, 0, 0, 0)\" class=\"has-inline-color has-blue-metal-color\"> \u2023 Marseille, Temp\u00eate ! &#8211; Adeline Care &#8211; 07.03.2024 &#8211; 04.04.2024 <\/mark><\/a><\/p>\n\n\n\n<div style=\"height:20px\" aria-hidden=\"true\" class=\"wp-block-spacer\"><\/div>\n\n\n\n<p class=\"has-text-align-center\"><a href=\"https:\/\/galeriemade.com\/10729-2\/\" data-type=\"link\" data-id=\"https:\/\/galeriemade.com\/10729-2\/\"><mark style=\"background-color:rgba(0, 0, 0, 0)\" class=\"has-inline-color has-blue-metal-color\">WHAT&#8217;S OURS &#8211; Myriam Boulos &#8211; 02.11.2023-09.02.2024<\/mark><\/a><\/p>\n\n\n\n<div style=\"height:20px\" aria-hidden=\"true\" class=\"wp-block-spacer\"><\/div>\n\n\n\n<h1 class=\"wp-block-heading has-text-align-center\" id=\"lucile-boiron-womb\"><strong><a href=\"https:\/\/galeriemade.com\/wp\/wp-content\/uploads\/2023\/11\/d754e724-edd6-4b56-882e-957489527ce1_visuel_Merci-2.jpg\"><mark style=\"background-color:rgba(0, 0, 0, 0);color:#0071a1\" class=\"has-inline-color\">\u2023<\/mark> <mark style=\"background-color:rgba(0, 0, 0, 0);color:#29729d\" class=\"has-inline-color\">images&#x2728; &#8211; Hubert Crabi\u00e8res <\/mark><strong><mark style=\"background-color:rgba(0, 0, 0, 0);color:#29729d\" class=\"has-inline-color\">\u00b7 09.11.2023 \u2013 13.11.2023<\/mark><\/strong><\/a>    <\/strong><\/h1>\n\n\n\n<div style=\"height:20px\" aria-hidden=\"true\" class=\"wp-block-spacer\"><\/div>\n\n\n\n<h1 class=\"wp-block-heading has-text-align-center\" id=\"lucile-boiron-womb\"><strong><a href=\"https:\/\/galeriemade.com\/wp\/wp-content\/uploads\/2023\/11\/exposition-virtuelle-gabriel-gomez-4.pdf\"><mark style=\"background-color:rgba(0, 0, 0, 0);color:#0071a1\" class=\"has-inline-color\">\u2023<\/mark> <mark style=\"background-color:rgba(0, 0, 0, 0);color:#29729d\" class=\"has-inline-color\">Journal: Il Fallait venir hier &#8211; Gabriel G\u00f3mez <\/mark><strong><mark style=\"background-color:rgba(0, 0, 0, 0);color:#29729d\" class=\"has-inline-color\">\u00b7 14.09.2023 \u2013 13.10.2023<\/mark><\/strong><\/a>    <\/strong><\/h1>\n\n\n\n<div style=\"height:20px\" aria-hidden=\"true\" class=\"wp-block-spacer\"><\/div>\n\n\n\n<h1 class=\"wp-block-heading has-text-align-center\" id=\"lucile-boiron-womb\"><strong><a href=\"https:\/\/galeriemade.com\/expositions-virtuelles\/geraldine-lay-far-east\/\"><mark style=\"background-color:rgba(0, 0, 0, 0);color:#0071a1\" class=\"has-inline-color\">\u2023<\/mark> <mark style=\"background-color:rgba(0, 0, 0, 0);color:#29729d\" class=\"has-inline-color\">FAR EAST &#8211; G\u00e9raldine Lay <\/mark><strong><mark style=\"background-color:rgba(0, 0, 0, 0);color:#29729d\" class=\"has-inline-color\">\u00b7 30.03.2023 \u2013 23.05.2023<\/mark><\/strong><\/a>    <\/strong><\/h1>\n\n\n\n<div style=\"height:20px\" aria-hidden=\"true\" class=\"wp-block-spacer\"><\/div>\n\n\n\n<h1 class=\"wp-block-heading has-text-align-center\" id=\"lucile-boiron-womb\"><strong><a href=\"https:\/\/galeriemade.com\/expositions-virtuelles\/exposition-virtuelle-anne-immele-jardins-du-riesthal\/\" data-type=\"URL\" data-id=\"https:\/\/galeriemade.com\/expositions-virtuelles\/exposition-virtuelle-anne-immele-jardins-du-riesthal\/\"><mark style=\"background-color:rgba(0, 0, 0, 0);color:#0071a1\" class=\"has-inline-color\">\u2023<\/mark> <\/a><\/strong><a href=\"https:\/\/galeriemade.com\/expositions-virtuelles\/exposition-virtuelle-anne-immele-jardins-du-riesthal\/\" data-type=\"URL\" data-id=\"https:\/\/galeriemade.com\/expositions-virtuelles\/exposition-virtuelle-anne-immele-jardins-du-riesthal\/\"><mark style=\"background-color:rgba(0, 0, 0, 0);color:#29729d\" class=\"has-inline-color\">JARDINS DU RIESTHAL<\/mark><\/a><strong><a href=\"https:\/\/galeriemade.com\/expositions-virtuelles\/exposition-virtuelle-anne-immele-jardins-du-riesthal\/\" data-type=\"URL\" data-id=\"https:\/\/galeriemade.com\/expositions-virtuelles\/exposition-virtuelle-anne-immele-jardins-du-riesthal\/\"><mark style=\"background-color:rgba(0, 0, 0, 0);color:#29729d\" class=\"has-inline-color\"> &#8211; Anne Immel<\/mark><\/a><strong><a href=\"https:\/\/galeriemade.com\/expositions-virtuelles\/exposition-virtuelle-anne-immele-jardins-du-riesthal\/\" data-type=\"URL\" data-id=\"https:\/\/galeriemade.com\/expositions-virtuelles\/exposition-virtuelle-anne-immele-jardins-du-riesthal\/\"><mark style=\"background-color:rgba(0, 0, 0, 0);color:#29729d\" class=\"has-inline-color\">\u00e9 \u00b7 03.11.2022 \u2013 13.01.2023<\/mark><\/a><\/strong>    <\/strong><\/h1>\n\n\n\n<div style=\"height:20px\" aria-hidden=\"true\" class=\"wp-block-spacer\"><\/div>\n\n\n\n<h1 class=\"wp-block-heading has-text-align-center\" id=\"lucile-boiron-womb\"><strong><a href=\"https:\/\/galeriemade.com\/expositions-virtuelles\/9358-2\/\" data-type=\"URL\" data-id=\"https:\/\/galeriemade.com\/expositions-virtuelles\/9358-2\/\"><mark style=\"background-color:rgba(0, 0, 0, 0);color:#0071a1\" class=\"has-inline-color\">\u2023<\/mark> <mark style=\"background-color:rgba(0, 0, 0, 0);color:#29729d\" class=\"has-inline-color\">UN \u00c9T\u00c9 \u00c0 TE RETROUVER &#8211; <\/mark><\/a><strong><a href=\"https:\/\/galeriemade.com\/expositions-virtuelles\/9358-2\/\" data-type=\"URL\" data-id=\"https:\/\/galeriemade.com\/expositions-virtuelles\/9358-2\/\"><mark style=\"background-color:rgba(0, 0, 0, 0);color:#29729d\" class=\"has-inline-color\">Jos\u00e9phine Vall\u00e9 Franceschi <strong><\/strong><\/mark><\/a><strong><a href=\"https:\/\/galeriemade.com\/expositions-virtuelles\/9358-2\/\"><mark style=\"background-color:rgba(0, 0, 0, 0);color:#29729d\" class=\"has-inline-color\">\u00b7 08.09.2022 \u2013 28.09.2022<\/mark><\/a><\/strong><\/strong>    <\/strong><\/h1>\n\n\n\n<div style=\"height:20px\" aria-hidden=\"true\" class=\"wp-block-spacer\"><\/div>\n\n\n\n<h1 class=\"wp-block-heading has-text-align-center\" id=\"lucile-boiron-womb\"><strong><a href=\"https:\/\/galeriemade.com\/en\/virtual-exhibition\/virtual-exhibition-bertrand-cavalier-concrete-doesnt-burn\/\"><mark style=\"background-color:rgba(0, 0, 0, 0);color:#0071a1\" class=\"has-inline-color\">\u2023<\/mark> <mark style=\"background-color:rgba(0, 0, 0, 0);color:#29729d\" class=\"has-inline-color\">CONCRETE DOESN&#8217;T BURN &#8211; <\/mark><strong><mark style=\"background-color:rgba(0, 0, 0, 0);color:#29729d\" class=\"has-inline-color\">Bertrand Cavalier <\/mark><strong><mark style=\"background-color:rgba(0, 0, 0, 0);color:#29729d\" class=\"has-inline-color\">\u00b7 26.04.2022 \u2013 30.06.2022<\/mark><\/strong><\/strong><\/a>    <\/strong><\/h1>\n\n\n\n<div style=\"height:20px\" aria-hidden=\"true\" class=\"wp-block-spacer\"><\/div>\n\n\n\n<h1 class=\"wp-block-heading has-text-align-center\" id=\"lucile-boiron-womb\"><strong><mark style=\"background-color:rgba(0, 0, 0, 0);color:#0071a1\" class=\"has-inline-color\">\u2023<\/mark> <a href=\"https:\/\/galeriemade.com\/exposition-virtuelle-2\/exposition-virtuelle\/\"><mark style=\"background-color:rgba(0, 0, 0, 0);color:#29729d\" class=\"has-inline-color\">WOMB &#8211; Lucile Boiron <strong><\/strong><\/mark><\/a><strong><a href=\"https:\/\/galeriemade.com\/expositions-virtuelles\/exposition-virtuelle-lucile-boiron\/\" data-type=\"page\" data-id=\"7038\"><mark style=\"background-color:rgba(0, 0, 0, 0);color:#29729d\" class=\"has-inline-color\">\u00b7 07.01.2021 \u2013 25.02.2021<\/mark><\/a><\/strong><\/strong><\/h1>\n\n\n\n<div style=\"height:20px\" aria-hidden=\"true\" class=\"wp-block-spacer\"><\/div>\n\n\n\n<h1 class=\"wp-block-heading has-text-align-center\" id=\"charles-petit-renaud-marion-cars\"><a href=\"https:\/\/galeriemade.com\/exposition-virtuelle-celine-clanet-kola\/\" data-type=\"URL\" data-id=\"https:\/\/galeriemade.com\/exposition-virtuelle-celine-clanet-kola\/\"><mark style=\"background-color:rgba(0, 0, 0, 0);color:#29729d\" class=\"has-inline-color\"><strong>\u2023<\/strong><\/mark> <strong><mark style=\"background-color:rgba(0, 0, 0, 0);color:#29729d\" class=\"has-inline-color\">KOLA &#8211; C\u00e9line Clanet <\/mark><\/strong><\/a><strong><a href=\"https:\/\/galeriemade.com\/exposition-virtuelle-celine-clanet-kola\/\" data-type=\"URL\" data-id=\"https:\/\/galeriemade.com\/exposition-virtuelle-celine-clanet-kola\/\"><strong><mark style=\"background-color:rgba(0, 0, 0, 0);color:#29729d\" class=\"has-inline-color\">\u00b7 08.09.2020 \u2013 22.10.2020<\/mark><\/strong><\/a><\/strong><\/h1>\n\n\n\n<div style=\"height:20px\" aria-hidden=\"true\" class=\"wp-block-spacer\"><\/div>\n\n\n\n<h1 class=\"wp-block-heading has-text-align-center\" id=\"charles-petit-renaud-marion-cars\"><a href=\"https:\/\/galeriemade.com\/expositions-virtuelles\/exposition-virtuelle-charles-petit-renaud-marion-cars\/\" data-type=\"URL\" data-id=\"https:\/\/galeriemade.com\/exposition-virtuelle-celine-clanet-kola\/\"><mark style=\"background-color:rgba(0, 0, 0, 0);color:#29729d\" class=\"has-inline-color\"><strong>\u2023<\/strong><\/mark> <strong><mark style=\"background-color:rgba(0, 0, 0, 0);color:#29729d\" class=\"has-inline-color\">CARS &#8211; Charles Petit &amp; Renaud Marion <\/mark><strong><mark style=\"background-color:rgba(0, 0, 0, 0);color:#29729d\" class=\"has-inline-color\">\u00b7 25.03.2021 \u2013 29.04.2021<\/mark><\/strong><\/strong><\/a><\/h1>\n\n\n\n<div style=\"height:20px\" aria-hidden=\"true\" class=\"wp-block-spacer\"><\/div>\n\n\n\n<h1 class=\"wp-block-heading has-text-align-center\" id=\"charles-petit-renaud-marion-cars\"><a href=\"https:\/\/galeriemade.com\/en\/virtual-exhibition\/exposition-virtuelle\/\" data-type=\"URL\" data-id=\"https:\/\/galeriemade.com\/exposition-virtuelle-celine-clanet-kola\/\"><mark style=\"background-color:rgba(0, 0, 0, 0);color:#29729d\" class=\"has-inline-color\"><strong>\u2023<\/strong><\/mark> <strong><mark style=\"background-color:rgba(0, 0, 0, 0);color:#29729d\" class=\"has-inline-color\">\u00c9TOILES R\u00c9TINE &#8211; Marguerite Bornhauser <\/mark><strong><mark style=\"background-color:rgba(0, 0, 0, 0);color:#29729d\" class=\"has-inline-color\">\u00b7 28.03.2019 \u2013 25.04.2019<\/mark><\/strong><\/strong><\/a><\/h1>\n\n\n\n<div style=\"height:20px\" aria-hidden=\"true\" class=\"wp-block-spacer\"><\/div>\n\n\n\n<h1 class=\"wp-block-heading has-text-align-center\" id=\"lucile-boiron-womb\"><strong><mark style=\"background-color:rgba(0, 0, 0, 0);color:#0071a1\" class=\"has-inline-color\">\u2023<\/mark><a href=\"https:\/\/galeriemade.com\/expositions-virtuelles\/exposition-virtuelle-ella-bats-teintes-derrances\/\" data-type=\"URL\" data-id=\"https:\/\/galeriemade.com\/expositions-virtuelles\/exposition-virtuelle-ella-bats-teintes-derrances\/\"> <mark style=\"background-color:rgba(0, 0, 0, 0);color:#29729d\" class=\"has-inline-color\">ELLA BATS &#8211; Teintes d&#8217;errances <strong><\/strong><\/mark><\/a><strong><a href=\"https:\/\/galeriemade.com\/en\/virtual-exhibition\/exposition-virtuelle\/\" data-type=\"page\" data-id=\"6887\"><mark style=\"background-color:rgba(0, 0, 0, 0);color:#29729d\" class=\"has-inline-color\">\u00b7<\/mark><\/a><\/strong> <strong><a href=\"https:\/\/galeriemade.com\/expositions-virtuelles\/exposition-virtuelle-ella-bats-teintes-derrances\/\" data-type=\"URL\" data-id=\"https:\/\/galeriemade.com\/expositions-virtuelles\/exposition-virtuelle-ella-bats-teintes-derrances\/\"><mark style=\"background-color:rgba(0, 0, 0, 0);color:#29729d\" class=\"has-inline-color\">14.09.2021 \u2013 26.10.2021<\/mark><\/a><\/strong><\/strong><\/h1>\n\n\n\n<h2 class=\"wp-block-heading has-text-align-left\"><\/h2>\n\n\n\n<p><\/p>\n","protected":false},"excerpt":{"rendered":"<p>\u2023 Nos Vies Sauvages &#8211; Ayline Olukman &#8211; 12.03.2026 &#8211; 30.04.2026 \u2023 \u2023 INCASABLE &#8211; Lia Rochas-P\u00e1ris &#8211; 31.01.2026 &#8211; 07.03.2026 \u2023 \u2023 NATURE &#8211; Alexandre Silberman &#8211; 06.11.2025 &#8211; 20.12.2025 \u2023 \u2023 Terra Incognita &#8211; Antinomia &#8211; 02.10.2025 &#8211; &hellip; <a href=\"https:\/\/galeriemade.com\/en\/virtual-exhibition\/\">Continue reading <span class=\"meta-nav\">&rarr;<\/span><\/a><\/p>\n","protected":false},"author":3,"featured_media":0,"parent":0,"menu_order":25,"comment_status":"closed","ping_status":"closed","template":"","meta":{"_acf_changed":false,"footnotes":""},"class_list":["post-7693","page","type-page","status-publish","hentry"],"acf":[],"_links":{"self":[{"href":"https:\/\/galeriemade.com\/en\/wp-json\/wp\/v2\/pages\/7693","targetHints":{"allow":["GET"]}}],"collection":[{"href":"https:\/\/galeriemade.com\/en\/wp-json\/wp\/v2\/pages"}],"about":[{"href":"https:\/\/galeriemade.com\/en\/wp-json\/wp\/v2\/types\/page"}],"author":[{"embeddable":true,"href":"https:\/\/galeriemade.com\/en\/wp-json\/wp\/v2\/users\/3"}],"replies":[{"embeddable":true,"href":"https:\/\/galeriemade.com\/en\/wp-json\/wp\/v2\/comments?post=7693"}],"version-history":[{"count":0,"href":"https:\/\/galeriemade.com\/en\/wp-json\/wp\/v2\/pages\/7693\/revisions"}],"wp:attachment":[{"href":"https:\/\/galeriemade.com\/en\/wp-json\/wp\/v2\/media?parent=7693"}],"curies":[{"name":"wp","href":"https:\/\/api.w.org\/{rel}","templated":true}]}}