{"id":5938,"date":"2019-11-29T14:33:22","date_gmt":"2019-11-29T14:33:22","guid":{"rendered":"http:\/\/galeriemade.com\/?page_id=5938"},"modified":"2019-11-29T15:04:58","modified_gmt":"2019-11-29T15:04:58","slug":"marie-queau-2","status":"publish","type":"page","link":"https:\/\/galeriemade.com\/en\/artists\/marie-queau-2\/","title":{"rendered":"Marie Qu\u00e9au"},"content":{"rendered":"\n<p><strong>Marie Qu\u00e9au<\/strong><\/p>\n\n\n\n<p><em>Le Royaume&nbsp;<\/em><\/p>\n\n\n\n<p>L\u2019organisation sociale engendre ses dissidents, ses exclus et ses marginaux.<\/p>\n\n\n\n<p>Pour approcher ces laiss\u00e9s-pour-compte, il ne reste la plupart du temps que les documents ou les images provenant des cercles du pouvoir.<\/p>\n\n\n\n<p>Le Royaume est le portrait d\u2019une communaut\u00e9 imaginaire r\u00e9alis\u00e9 entre 2017 et 2019, teint\u00e9e de magie et de rituels.<\/p>\n\n\n\n<p>Ma d\u00e9marche dans ce travail s\u2019apparente \u00e0 celle d\u2019un arch\u00e9ologue : ressusciter des mondes morts, renouer le dialogue avec des \u00eatres d\u2019un autre temps, pour raconter au mieux notre pr\u00e9sent. Ces corps sont travers\u00e9s par une force qui d\u00e9stabilise et dessine un vaste champ de tensions. Leur course vers un point inconnu renoue \u00e9galement avec l\u2019id\u00e9e du rite de passage, de temps suspendu, o\u00f9 l\u2019ordinaire se r\u00e9organise et se remet en place pour lier un individu \u00e0 un groupe. La boue bleue, de couleur or ou noire anonymise les corps et visages et se propose comme une seconde peau, une protection contre l\u2019ext\u00e9rieur aussi. Elle permet aux corps de se lib\u00e9rer, d\u2019\u00eatre violents et tendres. Cette communaut\u00e9 de personnages nous parle d\u2019un temps sombre et diluvien. Ses gestes et ses corps dont le sens demeure myst\u00e9rieux, racontent une vie en marge d\u2019un Royaume sans images. Leur existence est ambigu\u00eb mais tenace, et d\u00e9crit mon rapport ambivalent et agonique \u00e0 notre monde. D\u2019amour-haine.<\/p>\n\n\n\n<figure class=\"wp-block-gallery columns-1 is-cropped wp-block-gallery-1 is-layout-flex wp-block-gallery-is-layout-flex\"><ul class=\"blocks-gallery-grid\"><li class=\"blocks-gallery-item\"><figure><img loading=\"lazy\" decoding=\"async\" width=\"1024\" height=\"626\" src=\"http:\/\/galeriemade.com\/wp\/wp-content\/uploads\/2019\/11\/montage_mariequeau_site-1-1024x626.jpg\" alt=\"\" data-id=\"5942\" data-full-url=\"http:\/\/galeriemade.com\/wp\/wp-content\/uploads\/2019\/11\/montage_mariequeau_site-1-scaled.jpg\" data-link=\"http:\/\/galeriemade.com\/artists\/marie-queau-2\/attachment\/montage_mariequeau_site-1-2\/\" class=\"wp-image-5942\" srcset=\"https:\/\/galeriemade.com\/wp\/wp-content\/uploads\/2019\/11\/montage_mariequeau_site-1-1024x626.jpg 1024w, https:\/\/galeriemade.com\/wp\/wp-content\/uploads\/2019\/11\/montage_mariequeau_site-1-470x288.jpg 470w, https:\/\/galeriemade.com\/wp\/wp-content\/uploads\/2019\/11\/montage_mariequeau_site-1-150x92.jpg 150w, https:\/\/galeriemade.com\/wp\/wp-content\/uploads\/2019\/11\/montage_mariequeau_site-1-768x470.jpg 768w, https:\/\/galeriemade.com\/wp\/wp-content\/uploads\/2019\/11\/montage_mariequeau_site-1-1536x940.jpg 1536w, https:\/\/galeriemade.com\/wp\/wp-content\/uploads\/2019\/11\/montage_mariequeau_site-1-2048x1253.jpg 2048w, https:\/\/galeriemade.com\/wp\/wp-content\/uploads\/2019\/11\/montage_mariequeau_site-1-227x139.jpg 227w\" sizes=\"auto, (max-width: 1024px) 100vw, 1024px\" \/><\/figure><\/li><\/ul><\/figure>\n\n\n\n<p>Marie Qu\u00e9au est n\u00e9e en 1985 \u00e0 Choisy le roi (94), elle vit et travaille \u00e0 Paris depuis sa r\u00e9sidence \u00e0 la Cit\u00e9 internationale des arts en 2017.<\/p>\n\n\n\n<p>Dipl\u00f4m\u00e9e de l\u2019ENSP d\u2019Arles en 2009, son travail fut expos\u00e9 au Festival PhotoLevallois, au Salon de Montrouge, au 26eme Festival de Mode et de Photographie de Hy\u00e8res, \u00e0 la Filature de Mulhouse ainsi qu\u2019\u00e0 la galerie Michel Chomette lors de l\u2019exposition collective L\u2019image comme lieu en 2015.<\/p>\n\n\n\n<p>En 2012, elle re\u00e7oit le Prix Nofound Photo Fair &#8211; Fondation C de Groot pour sa s\u00e9rie <em>Gojira<\/em>. D\u00e9but\u00e9 en 2013 son projet <em>Odds and ends<\/em> re\u00e7oit le soutien de l\u2019Observatoire de l\u2019espace du CNES, de la DRAC Grand Est, du Centre Europ\u00e9en d\u2019Actions Artistiques Contemporaines (CEAAC) avec sa bourse d\u2019aide \u00e0 l\u2019international ainsi que du CNAP avec la bourse documentaire pour la photographie contemporaine. En juillet 2016, elle expose <em>Odds and ends<\/em> au Centre Photographique d\u2019Ile de France, restitution de sa r\u00e9sidence de post-production, dans le cadre des Pr\u00e9cipit\u00e9s et en 2017 \u00e0 la Cit\u00e9 internationale des arts durant le programme Pr\u00e9sent &amp; Projet. En 2018, elle est finaliste du Prix HSBC pour la photographie, Laur\u00e9ate du Prix des Lectures de Carr\u00e9 sur Seine et publie Handbook chez September Books.<\/p>\n\n\n\n<p>Elle participe \u00e0 de nombreuses expositions collectives chez Ofr., \u00e0 la Galerie Triple V, aux Frigos de Paris et se retrouve \u00e9galement dans des publications comme Passion #3 \u00ab La belle vie sous un autre angle \u00bb, Alterzeitgeist de Marielle Chabal et Talweg 02 (P\u00e9trole \u00c9ditions). Fin 2018, elle est Laur\u00e9ate de la R\u00e9sidence Sur Mesure de l\u2019Institut Fran\u00e7ais pour son projet \u00ab 232,8\u00b0 C \u00bb au Br\u00e9sil (d\u2019aout \u00e0 octobre 2019).<\/p>\n\n\n\n<p>Photo Saint Germain : &#x1f4c4;<strong><a href=\"http:\/\/www.photosaintgermain.com\/content\/editions\/1-2019\/5-presse\/revuedepresse-psg2019.pdf\" target=\"_blank\" rel=\"noreferrer noopener\">Revue de presse compl\u00e8te<\/a><\/strong>&#x1f4c4;<\/p>\n\n\n\n<p>Plus sur : <a href=\"http:\/\/www.mariequeau.com\/\">http:\/\/www.mariequeau.com\/<\/a><\/p>\n","protected":false},"excerpt":{"rendered":"<p>Marie Qu\u00e9au Le Royaume&nbsp; L\u2019organisation sociale engendre ses dissidents, ses exclus et ses marginaux. Pour approcher ces laiss\u00e9s-pour-compte, il ne reste la plupart du temps que les documents ou les images provenant des cercles du pouvoir. Le Royaume est le &hellip; <a href=\"https:\/\/galeriemade.com\/en\/artists\/marie-queau-2\/\">Continue reading <span class=\"meta-nav\">&rarr;<\/span><\/a><\/p>\n","protected":false},"author":3,"featured_media":0,"parent":1801,"menu_order":61,"comment_status":"closed","ping_status":"closed","template":"","meta":{"_acf_changed":false,"footnotes":""},"class_list":["post-5938","page","type-page","status-publish","hentry"],"acf":[],"_links":{"self":[{"href":"https:\/\/galeriemade.com\/en\/wp-json\/wp\/v2\/pages\/5938","targetHints":{"allow":["GET"]}}],"collection":[{"href":"https:\/\/galeriemade.com\/en\/wp-json\/wp\/v2\/pages"}],"about":[{"href":"https:\/\/galeriemade.com\/en\/wp-json\/wp\/v2\/types\/page"}],"author":[{"embeddable":true,"href":"https:\/\/galeriemade.com\/en\/wp-json\/wp\/v2\/users\/3"}],"replies":[{"embeddable":true,"href":"https:\/\/galeriemade.com\/en\/wp-json\/wp\/v2\/comments?post=5938"}],"version-history":[{"count":0,"href":"https:\/\/galeriemade.com\/en\/wp-json\/wp\/v2\/pages\/5938\/revisions"}],"up":[{"embeddable":true,"href":"https:\/\/galeriemade.com\/en\/wp-json\/wp\/v2\/pages\/1801"}],"wp:attachment":[{"href":"https:\/\/galeriemade.com\/en\/wp-json\/wp\/v2\/media?parent=5938"}],"curies":[{"name":"wp","href":"https:\/\/api.w.org\/{rel}","templated":true}]}}