{"id":432,"date":"2013-09-17T21:09:07","date_gmt":"2013-09-17T21:09:07","guid":{"rendered":"http:\/\/galeriemade.com\/wp\/?page_id=432"},"modified":"2026-03-07T14:23:50","modified_gmt":"2026-03-07T14:23:50","slug":"past","status":"publish","type":"page","link":"https:\/\/galeriemade.com\/en\/exhibitions\/past\/","title":{"rendered":"PAST"},"content":{"rendered":"\n<p>\u2022\u2022 <em>Selected exhibitions<\/em> \u2022\u2022<\/p>\n\n\n\n<p><a href=\"https:\/\/galeriemade.com\/incasable\/\"><strong>\u2023 INCASABLE &#8211; <em>Lia Rochas-P\u00e0ris<\/em> \/<\/strong><\/a><\/p>\n\n\n\n<p><mark style=\"background-color:rgba(0, 0, 0, 0);color:#000000\" class=\"has-inline-color\"> 31.01.2026 &#8211; 07.03.2026 <\/mark><\/p>\n\n\n\n<p><strong><a href=\"https:\/\/galeriemade.com\/nature-engl\/\">\u2023 NATURE &#8211; Alexandre Silberman<\/a><\/strong><br>06.11.2025 &#8211; 29.11.2025<\/p>\n\n\n\n<p><strong><a href=\"https:\/\/galeriemade.com\/terra-incognita-2\/\">\u2023 TERRA INCOGNITA &#8211; Antinomia<\/a><\/strong><\/p>\n\n\n\n<p>02.10.2025 &#8211; 23.10.2025<\/p>\n\n\n\n<p><strong><a href=\"https:\/\/galeriemade.com\/en\/trust-me-eng\/\"><strong>\u2023 TRUST ME &#8211; Nyo Jinyong Lian <\/strong><\/a><\/strong><\/p>\n\n\n\n<p> 11.09.2025 &#8211; 26.09.2025<\/p>\n\n\n\n<p><strong><a href=\"https:\/\/galeriemade.com\/melita-le-refuge-anne-immele\/\">\u2023 Melita, refuge &#8211; Anne Immel\u00e9 <\/a><\/strong><\/p>\n\n\n\n<p>11.04.2025 &#8211; 13.06.2025<\/p>\n\n\n\n<p><strong>. <a href=\"https:\/\/galeriemade.com\/en\/11234-2\/\">MEANWHILE (After Daido) &#8211; Isabelle Bonjean<\/a> <\/strong><\/p>\n\n\n\n<p>06.03.2025 &#8211; 04.04.2025<\/p>\n\n\n\n<p><strong>. <a href=\"https:\/\/galeriemade.com\/silence\/\">SILENCE &#8211; Julien Magre<\/a> <\/strong><\/p>\n\n\n\n<p>17.10.2024 &#8211; 20.12.2024 &nbsp;(As part of the PhotoSaintGermain programme)<\/p>\n\n\n\n<p>.<strong> <a href=\"https:\/\/galeriemade.com\/ai-no-corrida\/\">AI NO CORRIDA &#8211; Camille Vivier<\/a> <\/strong><\/p>\n\n\n\n<p>06.11.2024 \u2013 10.11.2024 &nbsp;(Paris Photo \u2013 Secteur \u00c9mergences)<\/p>\n\n\n\n<p>.<strong> <a href=\"https:\/\/galeriemade.com\/11040-2\/\">ASHES OF THE ARABIAN&#8217;S PEARL &#8211; Valentin Valette<\/a> <\/strong><\/p>\n\n\n\n<p> 11.09.2024 &#8211; 01.10.2024<\/p>\n\n\n\n<p>. <strong><a href=\"https:\/\/galeriemade.com\/nord-ouest-ouest-nord-ouest\/\">NORD-OUEST OUEST-NORD-OUEST &#8211; Pascal Amoyel &nbsp;<\/a><\/strong><\/p>\n\n\n\n<p><strong> <\/strong>16.05.2024 &#8211; 14.06.2024<\/p>\n\n\n\n<p>. <strong><a href=\"https:\/\/galeriemade.com\/exposition-virtuelle-adeline-care-marseille-tempete\/\">MARSEILLE, TEMP\u00caTE &#8211; Adeline Care&nbsp; <\/a><\/strong><\/p>\n\n\n\n<p>07.03.2024 &#8211; 04.04.2024<\/p>\n\n\n\n<p><strong>&nbsp;. <a href=\"https:\/\/galeriemade.com\/10729-2\/\">What&#8217;s Ours <\/a>&#8211; <\/strong>Myriam Boulos <\/p>\n\n\n\n<p> 02.11.2023-09.02.2024<\/p>\n\n\n\n<p>\u2022 <strong><a href=\"https:\/\/galeriemade.com\/wp\/wp-content\/uploads\/2023\/11\/CRABIERES-EN-6.pdf\">Hubert Crabi\u00e8res<\/a><\/strong> &#8211; images&#x2728;<\/p>\n\n\n\n<p>09.11.2023 &#8211; 13.11.2023 (PARIS PHOTO\/ Sector Curiosa)<\/p>\n\n\n\n<p>\u2022 <strong><a href=\"https:\/\/galeriemade.com\/wp\/wp-content\/uploads\/2023\/09\/DP-Gabriel-Gomez-3.pdf\">Gabriel G\u00f3mez<\/a><\/strong>\/ Journal: Il fallait venir hier \/ Associated Agents Young Talent Award 2023<\/p>\n\n\n\n<p>14.09.2023 &#8211; 13.10.2023<\/p>\n\n\n\n<p>\u2022 <strong><a href=\"https:\/\/galeriemade.com\/wp\/wp-content\/uploads\/2023\/09\/DP-LEPAGE-_-8X10.pdf\">JEAN-FRAN\u00c7OIS LEPAGE<\/a><\/strong>\/ 8&#215;10, INSTANTS DAMN\u00c9S<\/p>\n\n\n\n<p>01.06.2023 &#8211; 28.07.2023<\/p>\n\n\n\n<p>\u2022 <strong><a href=\"https:\/\/galeriemade.com\/wp\/wp-content\/uploads\/2023\/03\/DP-Geraldine-LAY-FAR-EAST-1-1.pdf\">G\u00c9RALDINE LAY<\/a>\/ <\/strong>FAR EAST<\/p>\n\n\n\n<p>30.03.2023 &#8211; 23.05.2023<\/p>\n\n\n\n<p>\u2022 <strong><a href=\"https:\/\/galeriemade.com\/wp\/wp-content\/uploads\/2023\/05\/catalogue-dexposition-4m2.pdf\">ESTELLE HOFFERT<\/a>\/ <\/strong>4m\u00b2<\/p>\n\n\n\n<p>12.05.2023 &#8211; 14.05.2023<\/p>\n\n\n\n<p>\u2022 <strong><a href=\"https:\/\/galeriemade.com\/wp\/wp-content\/uploads\/2023\/01\/ANNE-IMMELE-PhotoSaintGermain-DOSSIER-DE-PRESSE-4.pdf\">ANNE IMMEL\u00c9<\/a>\/ <\/strong>JARDINS DU RIESTHAL<\/p>\n\n\n\n<p>03.11.2022 &#8211; 13.01.2023<\/p>\n\n\n\n<p>\u2022 <strong><a href=\"https:\/\/galeriemade.com\/wp\/wp-content\/uploads\/2022\/10\/NewRose-Dossier-de-Presse-3.pdf\">ALAIN DUPLANTIER<\/a>\/ <\/strong>REPLAY NEW ROSE FOR ME<\/p>\n\n\n\n<p>08.09.2022 &#8211; 27.09.2022<\/p>\n\n\n\n<p>\u2022 <strong><a href=\"http:\/\/www.josephinevallefranceschi.fr\">Jos\u00e9phine Vall\u00e9e Franceschi<\/a><\/strong> \/ UN \u00c9T\u00c9 \u00c0 TE RETROUVER \/ Associated Agents Young Talent Award 2022<\/p>\n\n\n\n<p>08.09.2022 \u2013 28.09.2022<\/p>\n\n\n\n<p>\u2022 <strong><a href=\"https:\/\/www.bertrandcavalier.com\/\">Bertrand Cavalier<\/a><\/strong> \/ CONCRETE DOESN&#8217;T BURN<\/p>\n\n\n\n<p>26.04.2022 \/ 30.06.2022<\/p>\n\n\n\n<p>\u2022 <a href=\"https:\/\/www.blancheclement.com\/\"><strong>Blanche Cl\u00e9ment<\/strong><\/a> \/ MES ESPACES FRAGILES<\/p>\n\n\n\n<p>03.02.2022 &#8211; 20.04.2022<\/p>\n\n\n\n<p>\u2022<strong><a href=\"https:\/\/www.margueritebornhauser.com\/fr\/works\">MARGUERITE BORNHAUSER<\/a><\/strong>\/ \u00c9TOILE R\u00c9TINE<\/p>\n\n\n\n<p>04.11.2021 &#8211; 22.12.2021<\/p>\n\n\n\n<p>\u2022 <a href=\"https:\/\/ella-bats.com\/\"><strong>Ella Bats <\/strong><\/a>\/ TEINTES D&#8217;ERRANCES \/ Associated Agents Young Talent Award 2021<\/p>\n\n\n\n<p>14.09.2021 &#8211; 26.10.2021<\/p>\n\n\n\n<p>\u2022 <strong><a href=\"https:\/\/www.pascalamoyel.com\/\">Pascal Amoyel<\/a> <\/strong>\/ TANT QUE NOTRE HEURE DURERA<\/p>\n\n\n\n<p>18.05.2021 &#8211; 29.06.2021<\/p>\n\n\n\n<p>\u2022 <strong><a href=\"http:\/\/www.renaudmarion.com\/\">RENAUD MARION<\/a> &amp; <a href=\"https:\/\/www.charlespetit.com\/\">CHARLES PETIT<\/a><\/strong> \/ CARS<\/p>\n\n\n\n<p>25.03.2021 &#8211; 29.04.2021<\/p>\n\n\n\n<p>\u2022 <strong><a href=\"https:\/\/lucileboiron.com\/\">LUCILE BOIRON<\/a> <\/strong>\/ WOMB<\/p>\n\n\n\n<p>07.01.2021 &#8211; 25.02.2021<\/p>\n\n\n\n<p>\u2022 <strong><a href=\"http:\/\/www.celinette.com\/\">CELINE CANET<\/a><\/strong> \/ KOLA<\/p>\n\n\n\n<p>08.09.2020 &#8211; 22.10.2020<\/p>\n\n\n\n<p>\u2022 <strong><a href=\"https:\/\/www.liarochasparis.com\/\">LIA ROCHAS-PARIS<\/a><\/strong> \/ Des Unions<\/p>\n\n\n\n<p>25.02.2020 &#8211; 06.03.2020<\/p>\n\n\n\n<p>\u2022 <a href=\"https:\/\/www.hallypancer.com\/\"><strong>HALLY PANCER<\/strong><\/a> \/ Tall Tales<\/p>\n\n\n\n<p>27.11.2019 &#8211; 20.02.2020<\/p>\n\n\n\n<p>\u2022 <strong><a href=\"http:\/\/www.mariequeau.com\/\">MARIE QUEAU<\/a> <\/strong>\/ Le Royaume<\/p>\n\n\n\n<p>06.11.2019 &#8211; 23.11.2019<\/p>\n\n\n\n<p>\u2022 <a href=\"http:\/\/margueritebornhauser.com\/\"><strong>MARGUERITE BORNHAUSER<\/strong><\/a> \/ Red Harvest<\/p>\n\n\n\n<p>07.11.2019 &#8211; 10.11.2019 (PARIS PHOTO\/ Sector Curiosa)<\/p>\n\n\n\n<p>\u2022&nbsp;<strong><a href=\"https:\/\/florenttanet.fr\/\">FLORENT TANET<\/a>&nbsp;&amp;&nbsp;<a href=\"https:\/\/eliserres.com\/\">\u00c9LI SERRES<\/a><\/strong>&nbsp;\/&nbsp;<span class=\"s1\">CUSTOMERS ALSO VIEWED<\/span><\/p>\n\n\n\n<p>12.09.2019 &#8211; 26.09.2019<\/p>\n\n\n\n<p>\u2022<a href=\"https:\/\/www.estherhuguet.com\/\"><strong> ESTHER HUGUET <\/strong><\/a>\/ Associated Agents Young Talent Award 2019<\/p>\n\n\n\n<p>11.07.2019 &#8211; 28.07.2019<\/p>\n\n\n\n<p>\u2022 <strong>NICOLAS HAVETTE &amp; <a href=\"http:\/\/www.jcbourcart.com\/\">JEAN CHRISTIAN BOURCART<\/a><\/strong> \/ Fortunes, tentative d&#8217;\u00e9puisement&#8230;<\/p>\n\n\n\n<p>09.05.2019 &#8211; 14.06.2019<\/p>\n\n\n\n<p>\u2022<strong>&nbsp;<a href=\"http:\/\/margueritebornhauser.com\/\">MARGUERITE BORNHAUSER<\/a>&nbsp;<\/strong>\/ Le bruit des cactus<\/p>\n\n\n\n<p>28.03.2019 &#8211; 25.04.2019<\/p>\n\n\n\n<p>\u2022<strong>&nbsp;<a href=\"http:\/\/alaneglinton.com\/\">ALAN EGLINTON<\/a>&nbsp;<\/strong>\/&nbsp;Only the fires say<\/p>\n\n\n\n<p>07.11.2018 &#8211; 14.12.2018<\/p>\n\n\n\n<p>\u2022<strong>&nbsp;<a href=\"http:\/\/www.andreamodica.com\/\">ANDREA MODICA<\/a>&nbsp;<\/strong>\/&nbsp;January 1<\/p>\n\n\n\n<p>29.09.2018 &#8211; 31.10.2018<\/p>\n\n\n\n<p>\u2022<strong>&nbsp;<a href=\"http:\/\/www.annesophiesoudoplatoff.com\/\">ANNE-SOPHIE SOUDOPLATOFF<\/a> <\/strong>\/ Associated Agents Young Talent Award 2018<\/p>\n\n\n\n<p>13.07.2018 &#8211; 24.07.2018<\/p>\n\n\n\n<p><span style=\"color: #000000;\"><strong>. <a href=\"http:\/\/allyssaheuze.com\/\">ALLYSSA HEUZE<\/a><\/strong> \/ O\u00cf<\/span><\/p>\n\n\n\n<p>13.03.2018 &#8211; 19.04.2018<\/p>\n\n\n\n<p>\u2022<strong>&nbsp;<a href=\"http:\/\/eyemade.com\/project\/marc-philbert\/\">MARC PHILBERT<\/a>&nbsp;<\/strong>\/&nbsp;Tokyo Mobile<\/p>\n\n\n\n<p>13.02.2018 &#8211; 08.03.2018<\/p>\n\n\n\n<p>\u2022<strong>&nbsp;<a href=\"https:\/\/www.marksteinmetz.net\/\">MARK STEINMETZ<\/a>&nbsp;\/&nbsp;<\/strong>South<\/p>\n\n\n\n<p>02.11.2017 &#8211; 10.02.2018<\/p>\n\n\n\n<p>\u2022<strong>&nbsp;<a href=\"http:\/\/galeriemade.com\/artists\/steve-hiett\/\">STEVE HIETT<\/a>&nbsp;\/&nbsp;<\/strong>Polaroids<\/p>\n\n\n\n<p>14.09.2017 &#8211; 20.10.2017<\/p>\n\n\n\n<p>\u2022<strong><a href=\"http:\/\/galeriemade.com\/wp\/wp-content\/uploads\/2017\/03\/Dossier-de-presse-Roberto-Greco_Galerie_Made.pdf\"> ROBERTO GRECO<\/a>&nbsp;\/<\/strong>&nbsp;Bruit Blanc<\/p>\n\n\n\n<p>16.03.2017 &#8211; 29.04.2017<\/p>\n\n\n\n<p>\u2022<strong> <a href=\"https:\/\/galeriemade.com\/en\/artists\/andrea-modica\/\">ANDREA MODICA<\/a>&nbsp;\/<\/strong>&nbsp;As we wait<\/p>\n\n\n\n<p>03.11.2016 &#8211; 28.01.2017<\/p>\n\n\n\n<p>\u2022&nbsp;<strong><a href=\"http:\/\/www.paulrousteau.com\" target=\"_blank\" rel=\"noopener noreferrer\">PAUL ROUSTEAU<\/a><\/strong>&nbsp;&amp;&nbsp;<strong><a href=\"http:\/\/florenttanet.fr\" target=\"_blank\" rel=\"noopener noreferrer\">FLORENT TANET<\/a>&nbsp;<\/strong>\/ Champ &#8211; Contrechamp<\/p>\n\n\n\n<p>22.09.2016 &#8211; 15.10.2016<\/p>\n\n\n\n<p>\u2022 <strong><a href=\"https:\/\/www.rencontres-arles.com\/C.aspx?VP3=CMS3&amp;VF=ARLAR1_460_VForm&amp;FRM=Frame:ARLAR1_463#\/CMS3&amp;VF=ARLAR1_460_VForm&amp;FRM=Frame:ARLAR1_359\">RENCONTRES D&#8217;ARLES<\/a><\/strong> \/ Swinging Bamako<\/p>\n\n\n\n<p>4.07.2016 &#8211; 25.09.2016<\/p>\n\n\n\n<p>\u2022 <strong><a href=\"http:\/\/www.annadiprospero.com\">ANNA DI PROSPERO<\/a><\/strong> \/ Urban self portrait<\/p>\n\n\n\n<p>4.02.2016 &#8211; 12.03.2016<\/p>\n\n\n\n<p>\u2022 <a href=\"http:\/\/www.artparis.com\/fr\/gallery\/1074\" target=\"_blank\" rel=\"noopener noreferrer\"><strong>ART PARIS ART FAIR<\/strong><\/a> \/ Jean-Fran\u00e7ois Lepage &#8211; solo show<\/p>\n\n\n\n<p>31.03.2016 &#8211; 3.04.2016<\/p>\n\n\n\n<p>\u2022 <a href=\"https:\/\/galeriemade.com\/en\/artists\/virgilio-ferreira\/\" target=\"_blank\" rel=\"noopener noreferrer\"><strong>V<\/strong><strong>IRGILIO FERREIRA<\/strong><\/a> \/ Passages<\/p>\n\n\n\n<p>7.11.2015 &#8211; 30.01.2016<\/p>\n\n\n\n<p>\u2022 <a href=\"http:\/\/camillevivier.tumblr.com\" target=\"_blank\" rel=\"noopener noreferrer\"><strong>CAMILLE VIVIER<\/strong> <\/a>\/ Olympic<\/p>\n\n\n\n<p>25.09.2015 &#8211; 4.11.2015<\/p>\n\n\n\n<p>\u2022 <a href=\"https:\/\/www.unseenamsterdam.com\" target=\"_blank\" rel=\"noopener noreferrer\"><span style=\"color: #808080;\"><strong>UNSEEN PHOTO FAIR<\/strong> <\/span><\/a>\/ Benoit Pailley, Jean-Fran\u00e7ois Lepage, Virgilio Ferreira<\/p>\n\n\n\n<p>18.09.2015 &#8211; 20.09.2015<\/p>\n\n\n\n<p><a href=\"http:\/\/galeriemade.com\/en\/artistes\/benoit-pailley-en\/\" target=\"_blank\" rel=\"noopener noreferrer\">\u2022 <strong>BENOIT PAILLEY<\/strong><\/a> \/ Two minutes late<\/p>\n\n\n\n<p>17.05.2015 &#8211; 27.07.2015<\/p>\n\n\n\n<p>\u2022 <strong><a href=\"http:\/\/jeanfrancoislepage.com\/\">JEAN-FRAN\u00c7OIS LEPAGE<\/a><\/strong> \/ Recycle (prelude)<\/p>\n\n\n\n<p>13.03.2015 &#8211; 9.05.2015<\/p>\n\n\n\n<p>\u2022 <a href=\"http:\/\/stephaneremael.com\" target=\"_blank\" rel=\"noopener noreferrer\"><strong>ST\u00c9PHANE REMAEL<\/strong> <\/a>\/ the vanished<\/p>\n\n\n\n<p>30.01.2015 &#8211; 7.03.2015<\/p>\n\n\n\n<p>\u2022 <a href=\"https:\/\/galeriemade.com\/artistes\/steve-hiett\/\" target=\"_blank\" rel=\"noopener noreferrer\"><strong>STEVE HIETT<\/strong><\/a> \/ SHE KNOWS ME TOO WELL &#8211; Some early photographs<\/p>\n\n\n\n<p>25.11.2014 &#8211; 24.01.2015<\/p>\n\n\n\n<p>\u2022 <a href=\"https:\/\/www.unseenamsterdam.com\" target=\"_blank\" rel=\"noopener noreferrer\"><strong>UNSEEN PHOTO FAIR AMSTERDAM<\/strong> <\/a>\/ Anna Di Prospero, Grace Kim, Jean-Fran\u00e7ois Lepage<\/p>\n\n\n\n<p>17.09.2014 &#8211; 21.07.2014<\/p>\n\n\n\n<p>\u2022 <strong><a href=\"http:\/\/valmusso.com\" target=\"_blank\" rel=\"noopener noreferrer\">LUCIANA VAL &amp; FRANCO MUSSO<\/a><\/strong> \/ Lullaby<\/p>\n\n\n\n<p>25.09.2014 &#8211; 22.11.2014<\/p>\n\n\n\n<p>\u2022 <a title=\"DP Mark Steinmetz\" href=\"http:\/\/galeriemade.com\/wp\/wp-content\/uploads\/2014\/03\/DOSSIER-DE-PRESSE-MarkSteinmetz-FR.pdf\" target=\"_blank\" rel=\"noopener noreferrer\"><strong>MARK STEINMETZ<\/strong><\/a> \/ Paris, Italy<\/p>\n\n\n\n<p>29.04.2014 &#8211; 31.07.2014<\/p>\n\n\n\n<p>\u2022 <strong><a title=\"Grace Kim\" href=\"https:\/\/galeriemade.com\/en\/artists\/grace-kim\/\" target=\"_blank\" rel=\"noopener noreferrer\">GRACE KIM<\/a><\/strong> \/ Some place like home<\/p>\n\n\n\n<p>09.01.2014 &#8211; 11.03.2014<br>\u2022 <strong><a title=\"Act #1\" href=\"http:\/\/galeriemade.com\/act-1\/\">ANNA DI PROSPERO<\/a><\/strong> \/ Instinct<\/p>\n\n\n\n<p>09.01.2014 &#8211; 11.03.2014<\/p>\n\n\n\n<p>\u2022 <a href=\"http:\/\/jeanfrancoislepage.com\/\"><strong>JEAN-FRAN\u00c7OIS LEPAGE<\/strong><\/a> \/ Inside the mirror<\/p>\n\n\n\n<p>06.11.2013 &#8211; 7.01.2014<\/p>\n\n\n\n<p>\u2022 <strong><a href=\"http:\/\/www.fredlahache.com\" target=\"_blank\" rel=\"noopener noreferrer\">FRED LAHACHE<\/a> &amp; <a href=\"http:\/\/fr.actuphoto.com\/luciebichelberger\" target=\"_blank\" rel=\"noopener noreferrer\">LUCIE BICHELBERGER<\/a><\/strong> \/ Tomodomo<\/p>\n\n\n\n<p>07.02 &#8211; 12.03.2013<\/p>\n\n\n\n<p>\u2022&nbsp;<a title=\"Sleep elevations\" href=\"http:\/\/www.maiaflore.com\" target=\"_blank\" rel=\"noopener noreferrer\"><strong> MAIA FLORE <\/strong><\/a>\/&nbsp;Sleeping elevations<\/p>\n\n\n\n<p>09.02 &#8211; 07.03.2012<\/p>\n\n\n\n<p>\u2022 <a href=\"http:\/\/benoitpailley.com\/#\/portfolio\/personal-project\/morpholight\/0\" target=\"_blank\" rel=\"noopener noreferrer\"><strong>BENOIT PAILLEY<\/strong> <\/a>\/ Morpholight<\/p>\n\n\n\n<p>09.03 &#8211; 10.04.2011<\/p>\n\n\n\n<p>\u2022 FOTOFEVER \/ Espace Pierre Cardin<\/p>\n\n\n\n<p>11.11 &#8211; 13.11.2011<\/p>\n\n\n\n<p>\u2022 CHIC ART FAIR 2011 \/ Cit\u00e9 de la Mode et du Design<strong><br><\/strong><\/p>\n\n\n\n<p>21.10 &#8211; 24.10.2011<\/p>\n\n\n\n<p>\u2022 <a href=\"http:\/\/hallypancer.com\" target=\"_blank\" rel=\"noopener noreferrer\"><strong>HALLY PANCER<\/strong> <\/a>\/&nbsp;Open Road<\/p>\n\n\n\n<p>06.02 &#8211; 27.03.2009<\/p>\n\n\n\n<p>\u2022 <strong><a href=\"http:\/\/www.annelisebroyer.com\/fr\/serie\/11\/fading\" target=\"_blank\" rel=\"noopener noreferrer\">ANNE LISE BROYER<\/a> &amp; <a href=\"http:\/\/www.nicolascomment.com\" target=\"_blank\" rel=\"noopener noreferrer\">NICOLAS COMMENT<\/a><\/strong> \/ Fading<\/p>\n\n\n\n<p>07.11 &#8211; 14.12.2006 {<a title=\"MEP\" href=\"http:\/\/www.mep-fr.org\/mois-de-la-photo\/mdlp2012\/presentation\/\" target=\"_blank\" rel=\"noopener noreferrer\">Mois de la Photo<\/a>}<\/p>\n\n\n\n<p>\u2022 <a title=\"L'album de famille\" href=\"http:\/\/suzanne-tarasieve.com\/artist\/delphine-balley\/\" target=\"_blank\" rel=\"noopener noreferrer\"><strong>DELPHINE BALLEY<\/strong><\/a> \/ L&#8217;album de famille<\/p>\n\n\n\n<p>23.02 &#8211; 31.03.2006<\/p>\n\n\n\n<p>\u2022 <strong><a title=\"Michel Amet\" href=\"http:\/\/michel-amet.blogspot.fr\/\" target=\"_blank\" rel=\"noopener noreferrer\">MICHEL AMET<\/a> &amp; <a title=\"Michel Sedan\" href=\"http:\/\/www.michel-sedan.com\/fr\/portfolio,contre-nature-contre-nature\" target=\"_blank\" rel=\"noopener noreferrer\">MICHEL SEDAN<\/a><\/strong> \/ Vis \u00e0 vis<\/p>\n\n\n\n<p>05.10 &#8211; 03.11.2006<\/p>\n\n\n\n<p>\u2022 <a href=\"http:\/\/www.davidzacharias.com\/\"><strong>DAVID ZACHARIAS<\/strong><\/a> \/ Dessin &amp; peinture sur photographies<\/p>\n\n\n\n<p>10.11 &#8211; 03.12.2005<\/p>\n\n\n\n<p>\u2022 <a title=\"Tim Simmons\" href=\"http:\/\/www.timsimmons.co.uk\" target=\"_blank\" rel=\"noopener noreferrer\"><strong>TIM SIMMONS<\/strong><\/a> \/ Intervention<\/p>\n\n\n\n<p>11.05 &#8211; 02.06.2005<\/p>\n\n\n\n<p>\u2022 <a href=\"http:\/\/www.yanngmguitton.com\/\"><strong>YANN GUITTON<\/strong><\/a> \/ Bienvenue \u00e0 Typoville<\/p>\n\n\n\n<p>03.02 &#8211; 04.03.2005<\/p>\n\n\n\n<p>\u2022 <a href=\"http:\/\/www.filigranes.com\/artiste\/jourda-fred\/\" target=\"_blank\" rel=\"noopener noreferrer\"><strong>FRED JOURDA<\/strong><\/a> \/ Sombre<\/p>\n\n\n\n<p>02.12.2004 &#8211; 07.01.2005<\/p>\n\n\n\n<p>\u2022 <a title=\"L'appartement\" href=\"http:\/\/www.francescopatriarca.com\/lappartement_204\" target=\"_blank\" rel=\"noopener noreferrer\"><strong>FRANCESCO PATRIARCA &amp; SIBYLLE PIEYRE DE MANDIARGUES<\/strong> <\/a>\/ L&#8217;appartement<\/p>\n\n\n\n<p>04..11 &#8211; 29.11.2004<\/p>\n\n\n\n<p>\u2022 <strong><a title=\"Somewhere on time\" href=\"http:\/\/gabrieljones.net\/?\/somewhere-on-time\/\" target=\"_blank\" rel=\"noopener noreferrer\">GABRIEL JONES <\/a><\/strong>\/ Somewhere on time<\/p>\n\n\n\n<p>07.09 &#8211; 04.11.2004<\/p>\n\n\n\n<p>\u2022 <strong><a title=\"Filigranes\" href=\"http:\/\/www.filigranes.com\/livre\/un-mince-vernis-de-realite\/\" target=\"_blank\" rel=\"noopener noreferrer\">C\u00c9LINE CLANET, G\u00c9RALDINE LAY, GEOFFROY MATHIEU, FRAN\u00c7OIS DELADERRI\u00c8RE <\/a><\/strong>\/ Un mince vernis de r\u00e9alit\u00e9<\/p>\n\n\n\n<p>07.04 &#8211; 19.05.2004<\/p>\n\n\n\n<p>\u2022 SOLANGE REBOUL \/ Les baigneurs<\/p>\n\n\n\n<p>11.03 &#8211; 02.04.2004<\/p>\n\n\n\n<p>\u2022 <a title=\"Deborah Metsch\" href=\"http:\/\/www.deborahmetsch.com\" target=\"_blank\" rel=\"noopener noreferrer\"><strong>DEBORAH METSCH<\/strong><\/a> \/ La travers\u00e9e des apparences<\/p>\n\n\n\n<p>20.11 &#8211; 10.12.2003<\/p>\n\n\n\n<p>\u2022 NINA CHUBB WEBSTER \/ Forgotten Souls<\/p>\n\n\n\n<p>24.09 &#8211; 17.10.2003<\/p>\n\n\n\n<p>\u2022 <a title=\"TOFFE\" href=\"http:\/\/www.productiongenerale.fr\/plateaugeneral.php\" target=\"_blank\" rel=\"noopener noreferrer\"><strong>TOFFE<\/strong><\/a> \/ Occurence r\u00e9cente<\/p>\n\n\n\n<p>12.05 &#8211; 05.06.2003<\/p>\n\n\n\n<p>\u2022 KIKI &amp; LOULOU PICASSO \/ Un regard moderne<\/p>\n\n\n\n<p>30.01.2003<\/p>\n\n\n\n<p>\u2022 <a title=\"spiekermeier photography \" href=\"http:\/\/www.spiekermeier-photography.com\" target=\"_blank\" rel=\"noopener noreferrer\"><strong>FRAN\u00c7OISE SPIEKERMEIER<\/strong><\/a>&nbsp; \/ Deuxi\u00e8me guerre en Tch\u00e9tch\u00e9nie<\/p>\n\n\n\n<p>28.10 &#8211; 28.11.2002 {<a title=\"MEP\" href=\"http:\/\/www.mep-fr.org\/mois-de-la-photo\/mdlp2012\/presentation\/\" target=\"_blank\" rel=\"noopener noreferrer\">Mois de la Photo<\/a>}<\/p>\n\n\n\n<p>\u2022 <a title=\"Cols Alpins\" href=\"http:\/\/www.ge-ants.com\/joel-tettamanti\/\" target=\"_blank\" rel=\"noopener noreferrer\"><strong>JO\u00cbL TETTAMANTI<\/strong><\/a> \/ Cols Alpins<\/p>\n\n\n\n<p>26.09 &#8211; 27.11.2002<\/p>\n\n\n\n<p>\u2022 <a href=\"http:\/\/www.fredlebain.com\/?\" target=\"_blank\" rel=\"noopener noreferrer\"><strong>FRED LEBAIN<\/strong><\/a> \/ Mes vacances avec Holga<\/p>\n\n\n\n<p>14.06 &#8211; 27.07.2001<\/p>\n\n\n\n<p>\u2022 CONSTANT AN\u00c9E &amp; <a title=\"St\u00e9phane Millon\" href=\"http:\/\/www.simonelephant.com\" target=\"_blank\" rel=\"noopener noreferrer\"><strong>ST\u00c9PHANE MILON<\/strong><\/a> \/ \u00c0 vos amours<\/p>\n\n\n\n<p>13.03 &#8211; 06.04.2001<\/p>\n","protected":false},"excerpt":{"rendered":"<p>\u2022\u2022 Selected exhibitions \u2022\u2022 \u2023 INCASABLE &#8211; Lia Rochas-P\u00e0ris \/ 31.01.2026 &#8211; 07.03.2026 \u2023 NATURE &#8211; Alexandre Silberman06.11.2025 &#8211; 29.11.2025 \u2023 TERRA INCOGNITA &#8211; Antinomia 02.10.2025 &#8211; 23.10.2025 \u2023 TRUST ME &#8211; Nyo Jinyong Lian 11.09.2025 &#8211; 26.09.2025 \u2023 Melita, &hellip; <a href=\"https:\/\/galeriemade.com\/en\/exhibitions\/past\/\">Continue reading <span class=\"meta-nav\">&rarr;<\/span><\/a><\/p>\n","protected":false},"author":1,"featured_media":0,"parent":380,"menu_order":122,"comment_status":"open","ping_status":"open","template":"exhibitions.php","meta":{"_acf_changed":false,"footnotes":""},"class_list":["post-432","page","type-page","status-publish","hentry"],"acf":[],"_links":{"self":[{"href":"https:\/\/galeriemade.com\/en\/wp-json\/wp\/v2\/pages\/432","targetHints":{"allow":["GET"]}}],"collection":[{"href":"https:\/\/galeriemade.com\/en\/wp-json\/wp\/v2\/pages"}],"about":[{"href":"https:\/\/galeriemade.com\/en\/wp-json\/wp\/v2\/types\/page"}],"author":[{"embeddable":true,"href":"https:\/\/galeriemade.com\/en\/wp-json\/wp\/v2\/users\/1"}],"replies":[{"embeddable":true,"href":"https:\/\/galeriemade.com\/en\/wp-json\/wp\/v2\/comments?post=432"}],"version-history":[{"count":0,"href":"https:\/\/galeriemade.com\/en\/wp-json\/wp\/v2\/pages\/432\/revisions"}],"up":[{"embeddable":true,"href":"https:\/\/galeriemade.com\/en\/wp-json\/wp\/v2\/pages\/380"}],"wp:attachment":[{"href":"https:\/\/galeriemade.com\/en\/wp-json\/wp\/v2\/media?parent=432"}],"curies":[{"name":"wp","href":"https:\/\/api.w.org\/{rel}","templated":true}]}}